{"id":1429,"date":"2018-03-08T20:59:12","date_gmt":"2018-03-08T19:59:12","guid":{"rendered":"http:\/\/yarogniew.net\/arduino\/?page_id=1429"},"modified":"2020-04-29T10:28:22","modified_gmt":"2020-04-29T08:28:22","slug":"pomocne-informacje","status":"publish","type":"page","link":"https:\/\/arduino.net.pl\/index.php\/macos\/pomocne-informacje\/","title":{"rendered":"MacOs &#8211; pomocne informacje"},"content":{"rendered":"\n<h4 class=\"wp-block-heading\">Spis tre\u015bci strony:<\/h4>\n\n\n\n<ol class=\"wp-block-list\"><li><a href=\"#1\">Zrzuty ekranu i zmiana \u015bcie\u017cki w kt\u00f3rej s\u0105 zapisywane<\/a><\/li><li><a href=\"#2\">Sprawdzenie dopuszczalnej temperatury pracy procesora (mac)<\/a><\/li><li><a href=\"#3\">Linki<\/a><\/li><\/ol>\n\n\n\n<a name=\"1\">     <\/a>\n\n\n\n<div style=\"height:100px\" aria-hidden=\"true\" class=\"wp-block-spacer\"><\/div>\n\n\n\n<h3 class=\"wp-block-heading\">1. Zrzuty ekranu i zmiana \u015bcie\u017cki w kt\u00f3rej s\u0105 zapisywane<\/h3>\n\n\n\n<p>\u22a5\u0179r\u00f3d\u0142o: artyku\u0142&nbsp;<a href=\"https:\/\/discussions.apple.com\/docs\/DOC-9081\">How to Change Screenshot Save Location<\/a><\/p>\n\n\n\n<p>Przy pisaniu artyku\u0142\u00f3w lub bloga, niezwykle wa\u017cn\u0105 czynno\u015bci\u0105 jest rzutowanie ekranu lub jego cz\u0119\u015bci<\/p>\n\n\n\n<p><strong>S\u0142u\u017c\u0105 do tego nast\u0119puj\u0105ce komendy:<\/strong><br><span style=\"color:#FFFDFF\" class=\"tadv-color\"><span style=\"background-color:#666\" class=\"tadv-background-color\"> \u2318 [cmd]&nbsp;+ \u21e7 [shift]&nbsp;+ [3] <\/span><\/span> \u2013 zrzut ca\u0142ego ekranu;<br><span style=\"color:#FFFDFF\" class=\"tadv-color\"><span style=\"background-color:#666\" class=\"tadv-background-color\"> \u2318 [cmd]&nbsp;+ \u21e7 [shift]&nbsp;+ [4] <\/span><\/span> \u2013 zrzut wybranego fragment ekranu. Dodatkowo [Spacja] pozwala na zrzut wybranego okna.<\/p>\n\n\n\n<p>Domy\u015blnie zrzuty ekranu s\u0105 zapisywane na pulpicie. Aby zmieni\u0107 \u015bcie\u017ck\u0119 zapisu&nbsp;otwieramy <em>Terminal<\/em> i wpisujemy komend\u0119:<\/p>\n\n\n\n<p> <span style=\"color:#FFFDFF\" class=\"tadv-color\"><span style=\"background-color:#666\" class=\"tadv-background-color\">defaults write com.apple.screencapture location [<em>\u015bcie\u017cka<\/em>] <\/span><\/span><\/p>\n\n\n\n<p>mo\u017cemy te\u017c, po wpisaniu tekstu i dodaniu przerwy nasun\u0105\u0107 dowolny folder na okno terminala. W\u00f3wczas automatycznie na ekranie pojawi si\u0119 \u015bcie\u017cka do foldera. Wciskamy ENTER. Je\u015bli wszystko wpisali\u015bmy poprawnie terminal nie wy\u015bwietli komunikatu o b\u0142\u0119dach.<\/p>\n\n\n\n<p>Nast\u0119pnie nale\u017cy zapisa\u0107 zmiany poleceniem:<\/p>\n\n\n\n<p><span style=\"color:#FFFDFF\" class=\"tadv-color\"><span style=\"background-color:#666\" class=\"tadv-background-color\"> killall SystemUIServer <\/span><\/span><\/p>\n\n\n\n<p>i oczywi\u015bcie wcisn\u0105\u0107 ENTER.<\/p>\n\n\n\n<p>Teraz wszystkie zrzuty ekranu trafia\u0107 b\u0119d\u0105 do foldera kt\u00f3ry wskazali\u015bmy. Oto kr\u00f3tki film: <\/p>\n\n\n\n<figure class=\"wp-block-embed-youtube wp-block-embed is-type-video is-provider-youtube wp-embed-aspect-16-9 wp-has-aspect-ratio\"><div class=\"wp-block-embed__wrapper\">\n<iframe loading=\"lazy\" title=\"macOS, zmiana miejsca zrzut\u00f3w ekranu\" width=\"774\" height=\"435\" src=\"https:\/\/www.youtube.com\/embed\/ExjJz68ACus?feature=oembed\" frameborder=\"0\" allow=\"accelerometer; autoplay; encrypted-media; gyroscope; picture-in-picture\" allowfullscreen><\/iframe>\n<\/div><\/figure>\n\n\n\n\n\n<a name=\"2\">     <\/a>\n\n\n\n<div style=\"height:100px\" aria-hidden=\"true\" class=\"wp-block-spacer\"><\/div>\n\n\n\n<h3 class=\"wp-block-heading\">2. Sprawdzenie dopuszczalnej temperatury pracy procesora (mac)<\/h3>\n\n\n\n<p>\u0179r\u00f3d\u0142o: <a href=\"https:\/\/youtu.be\/nPzjQOgGGQA\">https:\/\/youtu.be\/nPzjQOgGGQA<\/a><\/p>\n\n\n\n<figure class=\"wp-block-embed-youtube wp-block-embed is-type-video is-provider-youtube wp-embed-aspect-16-9 wp-has-aspect-ratio\"><div class=\"wp-block-embed__wrapper\">\n<iframe loading=\"lazy\" title=\"How to Check \/ Monitor CPU Temperature &amp; What is the Safe Temperature for Macbook?\" width=\"774\" height=\"435\" src=\"https:\/\/www.youtube.com\/embed\/nPzjQOgGGQA?feature=oembed\" frameborder=\"0\" allow=\"accelerometer; autoplay; encrypted-media; gyroscope; picture-in-picture\" allowfullscreen><\/iframe>\n<\/div><\/figure>\n\n\n\n<p>Do <strong>terminala<\/strong> wpisujemy komend\u0119:<\/p>\n\n\n\n<p><span style=\"color:#FFFDFF\" class=\"tadv-color\"><span style=\"background-color:#666\" class=\"tadv-background-color\"> sysctl -n machdep.cpu.brand_string <\/span><\/span><\/p>\n\n\n\n<p>U mnie wynik jest taki: <span style=\"color:#FFFDFF\" class=\"tadv-color\"><span style=\"background-color:#2f6e8e\" class=\"tadv-background-color\"> Intel(R) Core(TM) i7-3720QM CPU @ 2.60GHz <\/span><\/span><br>Teraz wchodzimy na stron\u0119 <a href=\"https:\/\/ark.intel.com\/content\/www\/pl\/pl\/ark.html\">https:\/\/ark.intel.com\/content\/www\/pl\/pl\/ark.html<\/a><br>i w okienko wyszukiwarki wpisujemy nazw\u0119 procesora, w moim przypadku <span style=\"color:#FFFDFF\" class=\"tadv-color\"><span style=\"background-color:#2f6e8e\" class=\"tadv-background-color\">  i7-3720QM  <\/span><\/span><br>Wy\u015bwietla si\u0119 strona firmy Intel ze <a href=\"https:\/\/ark.intel.com\/content\/www\/pl\/pl\/ark\/products\/64891\/intel-core-i7-3720qm-processor-6m-cache-up-to-3-60-ghz.html\">specyfikacj\u0105 procesora<\/a>.<\/p>\n\n\n\n<p>Szukamy parametru <a><span style=\"color:#FFFDFF\" class=\"tadv-color\"><span style=\"background-color:#2f6e8e\" class=\"tadv-background-color\">  T<sub>JUNCTION  <\/sub><\/span><\/span><\/a>  w moim przypadku jego warto\u015b\u0107 to   <span style=\"background-color:#2f6e8e\" class=\"tadv-background-color\"> <span style=\"color:#FFFDFF\" class=\"tadv-color\">105 C <\/span><\/span><br>I to wszystko. Je\u015bli zainstalujemy aplikacj\u0119, kt\u00f3ra pokazuje temperatur\u0119 rdzeni, na przyk\u0142ad <strong>Macs Fun Control<\/strong>, to b\u0119dziemy wiedzie\u0107 czy wszystko w komputerze gra. <br>U mnie temperatury czterech rdzeni oscyluj\u0105 wok\u00f3\u0142 84 st. C. Czyli jest zapas.<\/p>\n\n\n\n<a name=\"3\">     <\/a>\n\n\n\n<div style=\"height:100px\" aria-hidden=\"true\" class=\"wp-block-spacer\"><\/div>\n\n\n\n<h3 class=\"wp-block-heading\">Linki<\/h3>\n\n\n\n<ul class=\"wp-block-list\"><li>link1<\/li><li>link2<\/li><\/ul>\n\n\n","protected":false},"excerpt":{"rendered":"<p>Spis tre\u015bci strony: Zrzuty ekranu i zmiana \u015bcie\u017cki w kt\u00f3rej s\u0105 zapisywane Sprawdzenie dopuszczalnej temperatury pracy procesora (mac) Linki 1. Zrzuty ekranu i zmiana \u015bcie\u017cki w kt\u00f3rej s\u0105 zapisywane \u22a5\u0179r\u00f3d\u0142o:&#8230;<\/p>\n","protected":false},"author":3,"featured_media":0,"parent":1460,"menu_order":0,"comment_status":"closed","ping_status":"closed","template":"","meta":{"_monsterinsights_skip_tracking":false,"_monsterinsights_sitenote_active":false,"_monsterinsights_sitenote_note":"","_monsterinsights_sitenote_category":0,"footnotes":""},"class_list":["post-1429","page","type-page","status-publish","hentry"],"aioseo_notices":[],"_links":{"self":[{"href":"https:\/\/arduino.net.pl\/index.php\/wp-json\/wp\/v2\/pages\/1429","targetHints":{"allow":["GET"]}}],"collection":[{"href":"https:\/\/arduino.net.pl\/index.php\/wp-json\/wp\/v2\/pages"}],"about":[{"href":"https:\/\/arduino.net.pl\/index.php\/wp-json\/wp\/v2\/types\/page"}],"author":[{"embeddable":true,"href":"https:\/\/arduino.net.pl\/index.php\/wp-json\/wp\/v2\/users\/3"}],"replies":[{"embeddable":true,"href":"https:\/\/arduino.net.pl\/index.php\/wp-json\/wp\/v2\/comments?post=1429"}],"version-history":[{"count":16,"href":"https:\/\/arduino.net.pl\/index.php\/wp-json\/wp\/v2\/pages\/1429\/revisions"}],"predecessor-version":[{"id":3630,"href":"https:\/\/arduino.net.pl\/index.php\/wp-json\/wp\/v2\/pages\/1429\/revisions\/3630"}],"up":[{"embeddable":true,"href":"https:\/\/arduino.net.pl\/index.php\/wp-json\/wp\/v2\/pages\/1460"}],"wp:attachment":[{"href":"https:\/\/arduino.net.pl\/index.php\/wp-json\/wp\/v2\/media?parent=1429"}],"curies":[{"name":"wp","href":"https:\/\/api.w.org\/{rel}","templated":true}]}}