{"id":1460,"date":"2018-03-14T22:51:20","date_gmt":"2018-03-14T21:51:20","guid":{"rendered":"http:\/\/yarogniew.net\/arduino\/?page_id=1460"},"modified":"2022-03-24T12:00:18","modified_gmt":"2022-03-24T11:00:18","slug":"macos","status":"publish","type":"page","link":"https:\/\/arduino.net.pl\/index.php\/macos\/","title":{"rendered":"macOS"},"content":{"rendered":"\n<h2 class=\"wp-block-heading\">TERMINAL &#8211; podstawowe komendy<\/h2>\n\n\n\n<ul class=\"wp-block-list\"><li>sprawdzenie \u015bcie\u017cki bie\u017c\u0105cego katalogu:<ul><li> <code><strong>pwd<\/strong>&nbsp;<\/code><em>(ang. print working directory \u2013 wypisz katalog roboczy)&nbsp;<\/em><\/li><\/ul><\/li><li>tworzenie nowego pliku: <ul><li><code><strong>touch<\/strong> [<em>nazwa pliku<\/em>]<\/code><\/li><\/ul><\/li><li>usuwanie pliku: <ul><li><code><strong>rm<\/strong> [<em>nazwa pliku<\/em>]<\/code> <em>(ang.&nbsp;remove&nbsp;&#8211; usu\u0144)<\/em><\/li><\/ul><\/li><li>zmiana katalogu: <ul><li><code><strong>cd <\/strong>[<em>nazwa katalogu<\/em>]<\/code> <em>(wystarczy przeci\u0105gn\u0105\u0107 katalog z Finder)<\/em><\/li><\/ul><\/li><li>zmiana katalogu w ty\u0142: <ul><li><strong>cd ..<\/strong><\/li><\/ul><\/li><\/ul>\n\n\n\n<h3 class=\"wp-block-heading\">LINKI<\/h3>\n\n\n\n<ul class=\"wp-block-list\"><li><a href=\"http:\/\/vortal.fastpc.pl\/wstep-do-uzywania-terminal-w-mac-os-x\/\">http:\/\/vortal.fastpc.pl\/wstep-do-uzywania-terminal-w-mac-os-x\/<\/a><\/li><li><a href=\"https:\/\/www.makeuseof.com\/tag\/mac-terminal-commands-cheat-sheet\/\">The Mac Terminal Commands Cheat Sheet<\/a><\/li><\/ul>\n\n\n","protected":false},"excerpt":{"rendered":"<p>TERMINAL &#8211; podstawowe komendy sprawdzenie \u015bcie\u017cki bie\u017c\u0105cego katalogu: pwd&nbsp;(ang. print working directory \u2013 wypisz katalog roboczy)&nbsp; tworzenie nowego pliku: touch [nazwa pliku] usuwanie pliku: rm [nazwa pliku] (ang.&nbsp;remove&nbsp;&#8211; usu\u0144) zmiana&#8230;<\/p>\n","protected":false},"author":3,"featured_media":0,"parent":0,"menu_order":0,"comment_status":"closed","ping_status":"closed","template":"","meta":{"_monsterinsights_skip_tracking":false,"_monsterinsights_sitenote_active":false,"_monsterinsights_sitenote_note":"","_monsterinsights_sitenote_category":0,"footnotes":""},"class_list":["post-1460","page","type-page","status-publish","hentry"],"aioseo_notices":[],"_links":{"self":[{"href":"https:\/\/arduino.net.pl\/index.php\/wp-json\/wp\/v2\/pages\/1460","targetHints":{"allow":["GET"]}}],"collection":[{"href":"https:\/\/arduino.net.pl\/index.php\/wp-json\/wp\/v2\/pages"}],"about":[{"href":"https:\/\/arduino.net.pl\/index.php\/wp-json\/wp\/v2\/types\/page"}],"author":[{"embeddable":true,"href":"https:\/\/arduino.net.pl\/index.php\/wp-json\/wp\/v2\/users\/3"}],"replies":[{"embeddable":true,"href":"https:\/\/arduino.net.pl\/index.php\/wp-json\/wp\/v2\/comments?post=1460"}],"version-history":[{"count":8,"href":"https:\/\/arduino.net.pl\/index.php\/wp-json\/wp\/v2\/pages\/1460\/revisions"}],"predecessor-version":[{"id":4972,"href":"https:\/\/arduino.net.pl\/index.php\/wp-json\/wp\/v2\/pages\/1460\/revisions\/4972"}],"wp:attachment":[{"href":"https:\/\/arduino.net.pl\/index.php\/wp-json\/wp\/v2\/media?parent=1460"}],"curies":[{"name":"wp","href":"https:\/\/api.w.org\/{rel}","templated":true}]}}