{"id":1484,"date":"2018-03-19T19:19:24","date_gmt":"2018-03-19T18:19:24","guid":{"rendered":"http:\/\/yarogniew.net\/arduino\/?page_id=1484"},"modified":"2018-04-14T11:04:26","modified_gmt":"2018-04-14T09:04:26","slug":"css","status":"publish","type":"page","link":"https:\/\/arduino.net.pl\/index.php\/css\/","title":{"rendered":"U\u017cyteczne CSS"},"content":{"rendered":"<p>Aby doda\u0107 do Word Press styl <em><strong>kbd<\/strong>, <\/em>kt\u00f3ry w u\u017cyciu wygl\u0105da tak: <kbd>cmd<\/kbd> + <kbd>\/<\/kbd> nale\u017cy doda\u0107 do pliku CSS nast\u0119puj\u0105cy kod:<\/p>\n<p>wersja rozbudowana:<\/p>\n<pre class=\"brush: plain; light: false; title: Kod:; toolbar: true; notranslate\" title=\"Kod:\">\r\n\r\nkbd {\r\npadding:0.2em 0.5em;\r\nborder:1px solid #ccc;\r\n\/*font-size:14px;*\/\r\n\/*font-family:Helvetica;*\/\r\nbackground-color:#f7f7f7;\r\ncolor:#333;\r\n-moz-box-shadow:0 1px 0px rgba(0, 0, 0, 0.2),0 0 0 2px #ffffff inset;\r\n-webkit-box-shadow:0 1px 0px rgba(0, 0, 0, 0.2),0 0 0 2px #ffffff inset;\r\nbox-shadow:0 1px 0px rgba(0, 0, 0, 0.2),0 0 0 2px #ffffff inset;\r\n-moz-border-radius:7px;\r\n-webkit-border-radius:7px;\r\nborder-radius:7px;\r\ndisplay:inline-block;\r\nmargin:0 0.1em;\r\ntext-shadow:0 1px 0 #fff;\r\nline-height:1.4;\r\nwhite-space:nowrap;\r\n}\r\n<\/pre>\n<p>wersja prostsza:<\/p>\n<pre class=\"brush: plain; light: false; title: Kod:; toolbar: true; notranslate\" title=\"Kod:\">\r\n\/*kbd {\r\n  background-color: #d7d7d7;;\r\n\tborder-radius:7px;\r\n  border: 1px outset #333;\r\n  color: #333;\r\n  padding: 2px 5px;\r\n}*\/\r\n<\/pre>\n","protected":false},"excerpt":{"rendered":"<p>Aby doda\u0107 do Word Press styl kbd, kt\u00f3ry w u\u017cyciu wygl\u0105da tak: cmd + \/ nale\u017cy doda\u0107 do pliku CSS nast\u0119puj\u0105cy kod: wersja rozbudowana: kbd { padding:0.2em 0.5em; border:1px solid&#8230;<\/p>\n","protected":false},"author":3,"featured_media":0,"parent":0,"menu_order":0,"comment_status":"closed","ping_status":"closed","template":"","meta":{"_monsterinsights_skip_tracking":false,"_monsterinsights_sitenote_active":false,"_monsterinsights_sitenote_note":"","_monsterinsights_sitenote_category":0,"footnotes":""},"class_list":["post-1484","page","type-page","status-publish","hentry"],"aioseo_notices":[],"_links":{"self":[{"href":"https:\/\/arduino.net.pl\/index.php\/wp-json\/wp\/v2\/pages\/1484","targetHints":{"allow":["GET"]}}],"collection":[{"href":"https:\/\/arduino.net.pl\/index.php\/wp-json\/wp\/v2\/pages"}],"about":[{"href":"https:\/\/arduino.net.pl\/index.php\/wp-json\/wp\/v2\/types\/page"}],"author":[{"embeddable":true,"href":"https:\/\/arduino.net.pl\/index.php\/wp-json\/wp\/v2\/users\/3"}],"replies":[{"embeddable":true,"href":"https:\/\/arduino.net.pl\/index.php\/wp-json\/wp\/v2\/comments?post=1484"}],"version-history":[{"count":8,"href":"https:\/\/arduino.net.pl\/index.php\/wp-json\/wp\/v2\/pages\/1484\/revisions"}],"predecessor-version":[{"id":1541,"href":"https:\/\/arduino.net.pl\/index.php\/wp-json\/wp\/v2\/pages\/1484\/revisions\/1541"}],"wp:attachment":[{"href":"https:\/\/arduino.net.pl\/index.php\/wp-json\/wp\/v2\/media?parent=1484"}],"curies":[{"name":"wp","href":"https:\/\/api.w.org\/{rel}","templated":true}]}}