{"id":1585,"date":"2018-05-11T18:42:03","date_gmt":"2018-05-11T16:42:03","guid":{"rendered":"http:\/\/yarogniew.net\/arduino\/?page_id=1585"},"modified":"2018-05-11T19:00:17","modified_gmt":"2018-05-11T17:00:17","slug":"phyton-3-proste-programy","status":"publish","type":"page","link":"https:\/\/arduino.net.pl\/index.php\/python-3\/phyton-3-proste-programy\/","title":{"rendered":"Phyton 3 &#8211; proste programy"},"content":{"rendered":"<p>\u22a5\u0179r\u00f3d\u0142o: <a href=\"http:\/\/python101.readthedocs.io\/pl\/latest\/podstawy\/przyklady\/przyklad00.html\">Python w przyk\u0142adach<\/a><\/p>\n<pre class=\"brush: python; light: false; title: Kod:; toolbar: true; notranslate\" title=\"Kod:\">\r\n#! \/usr\/bin\/env python3\r\n# -*- coding: utf-8 -*-\r\n\r\n# importujemy bibliotek\u0119 datetime\r\n\r\nimport datetime\r\n\r\n# deklarujemy i inicjalizujemy zmienne\r\n\r\npythonRok = 1989\r\n\r\n# sprawdzamy korzystaj\u0105c z biblioteki datetime\r\n# kt\u00f3ry mamy rok\r\n\r\nteraz = datetime.datetime.now()\r\n\r\naktRok = teraz.year\r\nprint(&quot;Mamy rok&quot;, aktRok, &quot;\\n&quot;)\r\n\r\n# obliczamy wiek Pythona\r\nwiekPythona = aktRok - pythonRok\r\n\r\n# pobieramy dane\r\nimie = input('Jak si\u0119 nazywasz? ')\r\nwiek = int(input('Ile masz lat? '))\r\n\r\n# wy\u015bwietlamy komunikaty\r\nprint(&quot;Witaj&quot;, imie)\r\nprint(&quot;M\u00f3w mi Python, mam&quot;, wiekPythona, &quot;lat.&quot;)\r\n\r\n# sprawdzamy ostatni\u0105 liter\u0119 imienia,\r\n#  UWAGA: litera w Python to string\r\n\r\nif imie&#x5B;-1] == &quot;a&quot;:\r\n    koncowka = &quot;a&quot;\r\nelse:\r\n    koncowka = &quot;y&quot;\r\n\r\n# instrukcja warunkowa, funkcja .format zast\u0119puj\u0105ca {} dan\u0105 w argumencie\r\n\r\nif wiek &gt; wiekPythona:\r\n    print('Jeste\u015b starsz{} ode mnie.'.format(koncowka))\r\nelse:\r\n    print('Jeste\u015b m\u0142odsz{} ode mnie.'.format(koncowka))\r\n<\/pre>\n","protected":false},"excerpt":{"rendered":"<p>\u22a5\u0179r\u00f3d\u0142o: Python w przyk\u0142adach #! \/usr\/bin\/env python3 # -*- coding: utf-8 -*- # importujemy bibliotek\u0119 datetime import datetime # deklarujemy i inicjalizujemy zmienne pythonRok = 1989 # sprawdzamy korzystaj\u0105c z&#8230;<\/p>\n","protected":false},"author":3,"featured_media":0,"parent":1588,"menu_order":0,"comment_status":"closed","ping_status":"closed","template":"","meta":{"_monsterinsights_skip_tracking":false,"_monsterinsights_sitenote_active":false,"_monsterinsights_sitenote_note":"","_monsterinsights_sitenote_category":0,"footnotes":""},"class_list":["post-1585","page","type-page","status-publish","hentry"],"aioseo_notices":[],"_links":{"self":[{"href":"https:\/\/arduino.net.pl\/index.php\/wp-json\/wp\/v2\/pages\/1585","targetHints":{"allow":["GET"]}}],"collection":[{"href":"https:\/\/arduino.net.pl\/index.php\/wp-json\/wp\/v2\/pages"}],"about":[{"href":"https:\/\/arduino.net.pl\/index.php\/wp-json\/wp\/v2\/types\/page"}],"author":[{"embeddable":true,"href":"https:\/\/arduino.net.pl\/index.php\/wp-json\/wp\/v2\/users\/3"}],"replies":[{"embeddable":true,"href":"https:\/\/arduino.net.pl\/index.php\/wp-json\/wp\/v2\/comments?post=1585"}],"version-history":[{"count":1,"href":"https:\/\/arduino.net.pl\/index.php\/wp-json\/wp\/v2\/pages\/1585\/revisions"}],"predecessor-version":[{"id":1586,"href":"https:\/\/arduino.net.pl\/index.php\/wp-json\/wp\/v2\/pages\/1585\/revisions\/1586"}],"up":[{"embeddable":true,"href":"https:\/\/arduino.net.pl\/index.php\/wp-json\/wp\/v2\/pages\/1588"}],"wp:attachment":[{"href":"https:\/\/arduino.net.pl\/index.php\/wp-json\/wp\/v2\/media?parent=1585"}],"curies":[{"name":"wp","href":"https:\/\/api.w.org\/{rel}","templated":true}]}}