{"id":1588,"date":"2018-05-11T18:52:47","date_gmt":"2018-05-11T16:52:47","guid":{"rendered":"http:\/\/yarogniew.net\/arduino\/?page_id=1588"},"modified":"2019-12-18T23:48:27","modified_gmt":"2019-12-18T22:48:27","slug":"python-3","status":"publish","type":"page","link":"https:\/\/arduino.net.pl\/index.php\/python-3\/","title":{"rendered":"PYTHON 3"},"content":{"rendered":"\n<p>Podobno programi\u015bci <a href=\"https:\/\/pl.wikipedia.org\/wiki\/Python\">Python<\/a>-a to najlepiej op\u0142acani koderzy na \u015bwiecie. Czyli warto si\u0119 j\u0119zyka uczy\u0107, zw\u0142aszcza \u017ce do\u015b\u0107 intuicyjny, a do tego nazwany na cze\u015b\u0107 <strong>Cyrku Monthy Pythona<\/strong>!<\/p>\n\n\n\n<h6 class=\"wp-block-heading\">Subiektywnie najlepsze strony do nauki j\u0119zyka Python 3:<\/h6>\n\n\n\n<ul class=\"wp-block-list\"><li><a href=\"https:\/\/www.youtube.com\/watch?v=TgA4ObrowRg\">instalacja python3 najnowsza<\/a><\/li><li><a href=\"https:\/\/www.youtube.com\/watch?v=uA8SA81nivg\">instalacja python<\/a><\/li><li><a href=\"https:\/\/www.python.org\">https:\/\/www.python.org<\/a><\/li><li><a href=\"http:\/\/www.python.rk.edu.pl\/w\/p\/wprowadzenie-do-pythona\/\">Wprowadzenie do programowania w Pythonie<\/a><\/li><li><a href=\"https:\/\/www.learnpython.org\/pl\/\">learnpython.org<\/a><\/li><li><a href=\"http:\/\/python101.readthedocs.io\/pl\/latest\/podstawy\/index.html\">Podstawy Pythona<\/a><\/li><li><a href=\"https:\/\/docs.python.org\/3\/library\/\">The Python Standard Library<\/a><\/li><li><a href=\"https:\/\/youtu.be\/k9TUPpGqYTo\">\u015awietny kurs podstaw Python 3 <\/a><\/li><\/ul>\n\n\n\n<p><\/p>\n","protected":false},"excerpt":{"rendered":"<p>Podobno programi\u015bci Python-a to najlepiej op\u0142acani koderzy na \u015bwiecie. Czyli warto si\u0119 j\u0119zyka uczy\u0107, zw\u0142aszcza \u017ce do\u015b\u0107 intuicyjny, a do tego nazwany na cze\u015b\u0107 Cyrku Monthy Pythona! Subiektywnie najlepsze strony&#8230;<\/p>\n","protected":false},"author":3,"featured_media":0,"parent":0,"menu_order":1,"comment_status":"closed","ping_status":"closed","template":"","meta":{"_monsterinsights_skip_tracking":false,"_monsterinsights_sitenote_active":false,"_monsterinsights_sitenote_note":"","_monsterinsights_sitenote_category":0,"footnotes":""},"class_list":["post-1588","page","type-page","status-publish","hentry"],"aioseo_notices":[],"_links":{"self":[{"href":"https:\/\/arduino.net.pl\/index.php\/wp-json\/wp\/v2\/pages\/1588","targetHints":{"allow":["GET"]}}],"collection":[{"href":"https:\/\/arduino.net.pl\/index.php\/wp-json\/wp\/v2\/pages"}],"about":[{"href":"https:\/\/arduino.net.pl\/index.php\/wp-json\/wp\/v2\/types\/page"}],"author":[{"embeddable":true,"href":"https:\/\/arduino.net.pl\/index.php\/wp-json\/wp\/v2\/users\/3"}],"replies":[{"embeddable":true,"href":"https:\/\/arduino.net.pl\/index.php\/wp-json\/wp\/v2\/comments?post=1588"}],"version-history":[{"count":10,"href":"https:\/\/arduino.net.pl\/index.php\/wp-json\/wp\/v2\/pages\/1588\/revisions"}],"predecessor-version":[{"id":3291,"href":"https:\/\/arduino.net.pl\/index.php\/wp-json\/wp\/v2\/pages\/1588\/revisions\/3291"}],"wp:attachment":[{"href":"https:\/\/arduino.net.pl\/index.php\/wp-json\/wp\/v2\/media?parent=1588"}],"curies":[{"name":"wp","href":"https:\/\/api.w.org\/{rel}","templated":true}]}}