{"id":2,"date":"2017-09-23T22:26:58","date_gmt":"2017-09-23T20:26:58","guid":{"rendered":"http:\/\/yarogniew.net\/arduino\/?page_id=2"},"modified":"2019-03-08T22:08:09","modified_gmt":"2019-03-08T21:08:09","slug":"sample-page","status":"publish","type":"page","link":"https:\/\/arduino.net.pl\/index.php\/sample-page\/","title":{"rendered":"linki"},"content":{"rendered":"\n<p><a href=\"http:\/\/kalkulator.majsterkowicza.pl\/oblicz\/rezystor_do_LED\">Kalkulator rezystor\u00f3w do LED<\/a><\/p>\n\n\n\n<p><a href=\"https:\/\/www.tranzystor.pl\">www.tranzystor.pl<\/a><\/p>\n\n\n\n<p>Wizualizacje muzyki P5js: <a href=\"http:\/\/wiki.t-o-f.info\/P5js\/VisualisationDuSon#toc1\">http:\/\/wiki.t-o-f.info\/P5js\/VisualisationDuSon#toc1<\/a><\/p>\n\n\n\n<p>&#8222;<a href=\"http:\/\/mikrokontrolery.blogspot.com\/2011\/04\/minimalne-podlaczanie-pinow.html\">Minimalne pod\u0142\u0105czanie pin\u00f3w mikrokontrolera<\/a>&#8221; &#8211; autor&nbsp;<a href=\"https:\/\/plus.google.com\/106923413837353289532?rel=author\">Dondu<\/a> &#8211; nazwa m\u00f3wi wszystko. Ka\u017c\u0105 tam nie \u017ca\u0142owa\u0107 u\u0142amka chi\u0144skiego&nbsp;centa na kondensator 100nF \u017ceby odfiltrowa\u0107 zasilanie, oraz na opornik 4,7k-10k &nbsp;na po\u0142\u0105czenie resetu z Vcc. Mi\u0119dzy innymi.<\/p>\n\n\n\n<p><a href=\"https:\/\/www.midi.org\/specifications\/item\/table-1-summary-of-midi-message\" target=\"_blank\" rel=\"noopener noreferrer\">SUMMARY OF MIDI MESSAGES (midi Association)<\/a><\/p>\n\n\n\n<p><a href=\"http:\/\/coreyms.com\">CoreyMS &#8211; facet od \u015bwietnych tutoriali (python, mac &#8230;) <\/a><\/p>\n\n\n\n<p><a href=\"http:\/\/henrysbench.capnfatz.com\/henrys-bench\/arduino-projects-tips-and-more\/powering-the-esp-12e-nodemcu-development-board\/\">powering esp8266 board<\/a><\/p>\n\n\n\n<h5 class=\"wp-block-heading\">KURSY, TUTORIALE<\/h5>\n\n\n\n<div class=\"wp-block-button is-style-squared\"><a class=\"wp-block-button__link has-background has-accent-1-background-color\" href=\"http:\/\/roboblog.eu\/category\/kursy\/arduino\/\">ROBOBLOG<\/a><\/div>\n\n\n\n<h5 class=\"wp-block-heading\">FUNKCJE<\/h5>\n\n\n\n<div class=\"wp-block-button is-style-squared\"><a class=\"wp-block-button__link has-background has-accent-1-background-color\" href=\"https:\/\/pl.wikipedia.org\/wiki\/Printf\">printf<\/a><\/div>\n","protected":false},"excerpt":{"rendered":"<p>Kalkulator rezystor\u00f3w do LED www.tranzystor.pl Wizualizacje muzyki P5js: http:\/\/wiki.t-o-f.info\/P5js\/VisualisationDuSon#toc1 &#8222;Minimalne pod\u0142\u0105czanie pin\u00f3w mikrokontrolera&#8221; &#8211; autor&nbsp;Dondu &#8211; nazwa m\u00f3wi wszystko. Ka\u017c\u0105 tam nie \u017ca\u0142owa\u0107 u\u0142amka chi\u0144skiego&nbsp;centa na kondensator 100nF \u017ceby odfiltrowa\u0107&#8230;<\/p>\n","protected":false},"author":3,"featured_media":0,"parent":0,"menu_order":1,"comment_status":"open","ping_status":"closed","template":"","meta":{"_monsterinsights_skip_tracking":false,"_monsterinsights_sitenote_active":false,"_monsterinsights_sitenote_note":"","_monsterinsights_sitenote_category":0,"footnotes":""},"class_list":["post-2","page","type-page","status-publish","hentry"],"aioseo_notices":[],"_links":{"self":[{"href":"https:\/\/arduino.net.pl\/index.php\/wp-json\/wp\/v2\/pages\/2","targetHints":{"allow":["GET"]}}],"collection":[{"href":"https:\/\/arduino.net.pl\/index.php\/wp-json\/wp\/v2\/pages"}],"about":[{"href":"https:\/\/arduino.net.pl\/index.php\/wp-json\/wp\/v2\/types\/page"}],"author":[{"embeddable":true,"href":"https:\/\/arduino.net.pl\/index.php\/wp-json\/wp\/v2\/users\/3"}],"replies":[{"embeddable":true,"href":"https:\/\/arduino.net.pl\/index.php\/wp-json\/wp\/v2\/comments?post=2"}],"version-history":[{"count":15,"href":"https:\/\/arduino.net.pl\/index.php\/wp-json\/wp\/v2\/pages\/2\/revisions"}],"predecessor-version":[{"id":2679,"href":"https:\/\/arduino.net.pl\/index.php\/wp-json\/wp\/v2\/pages\/2\/revisions\/2679"}],"wp:attachment":[{"href":"https:\/\/arduino.net.pl\/index.php\/wp-json\/wp\/v2\/media?parent=2"}],"curies":[{"name":"wp","href":"https:\/\/api.w.org\/{rel}","templated":true}]}}