{"id":2806,"date":"2019-06-18T22:57:55","date_gmt":"2019-06-18T20:57:55","guid":{"rendered":"http:\/\/yarogniew.net\/arduino\/?page_id=2806"},"modified":"2019-08-21T22:37:40","modified_gmt":"2019-08-21T20:37:40","slug":"arduino-projekty","status":"publish","type":"page","link":"https:\/\/arduino.net.pl\/index.php\/arduino-projekty\/","title":{"rendered":"Arduino, wa\u017cniejsze wpisy"},"content":{"rendered":"\n<h6 class=\"wp-block-heading\">nRF24L01<\/h6>\n\n\n\n<ul class=\"wp-block-list\"><li><a href=\"http:\/\/arduino.net.pl\/index.php\/esp32-i-nrf24l01-nowa-biblioteka\/\">nRF24l01 wsp\u00f3\u0142pracuje z esp32<\/a><\/li><li><a href=\"http:\/\/arduino.net.pl\/index.php\/siec-radiowa-nrf24l01\/\">Sie\u0107 radiowa nRF24L01<\/a><\/li><li><a href=\"http:\/\/arduino.net.pl\/index.php\/nrf24l01-czyli-tania-lacznosc-bezprzewodowa\/\">NRF24L01 czyli tania \u0142\u0105czno\u015b\u0107 bezprzewodowa<\/a><\/li><\/ul>\n\n\n\n<h6 class=\"wp-block-heading\">DS3231RTC<\/h6>\n\n\n\n<ul class=\"wp-block-list\"><li><a href=\"http:\/\/arduino.net.pl\/index.php\/ds3231-rtc-i-esp8266-nowsza-biblioteka\/\">DS3231 RTC i ESP8266, nowsza biblioteka<\/a><\/li><\/ul>\n\n\n\n<h6 class=\"wp-block-heading\">ESP32<\/h6>\n\n\n\n<ul class=\"wp-block-list\"><li><a href=\"http:\/\/arduino.net.pl\/index.php\/esp32-web-server\/\">ESP32 Web server<\/a><\/li><\/ul>\n\n\n\n<p><\/p>\n","protected":false},"excerpt":{"rendered":"<p>nRF24L01 nRF24l01 wsp\u00f3\u0142pracuje z esp32 Sie\u0107 radiowa nRF24L01 NRF24L01 czyli tania \u0142\u0105czno\u015b\u0107 bezprzewodowa DS3231RTC DS3231 RTC i ESP8266, nowsza biblioteka ESP32 ESP32 Web server<\/p>\n","protected":false},"author":3,"featured_media":0,"parent":0,"menu_order":0,"comment_status":"closed","ping_status":"closed","template":"","meta":{"_monsterinsights_skip_tracking":false,"_monsterinsights_sitenote_active":false,"_monsterinsights_sitenote_note":"","_monsterinsights_sitenote_category":0,"footnotes":""},"class_list":["post-2806","page","type-page","status-publish","hentry"],"aioseo_notices":[],"_links":{"self":[{"href":"https:\/\/arduino.net.pl\/index.php\/wp-json\/wp\/v2\/pages\/2806","targetHints":{"allow":["GET"]}}],"collection":[{"href":"https:\/\/arduino.net.pl\/index.php\/wp-json\/wp\/v2\/pages"}],"about":[{"href":"https:\/\/arduino.net.pl\/index.php\/wp-json\/wp\/v2\/types\/page"}],"author":[{"embeddable":true,"href":"https:\/\/arduino.net.pl\/index.php\/wp-json\/wp\/v2\/users\/3"}],"replies":[{"embeddable":true,"href":"https:\/\/arduino.net.pl\/index.php\/wp-json\/wp\/v2\/comments?post=2806"}],"version-history":[{"count":12,"href":"https:\/\/arduino.net.pl\/index.php\/wp-json\/wp\/v2\/pages\/2806\/revisions"}],"predecessor-version":[{"id":3058,"href":"https:\/\/arduino.net.pl\/index.php\/wp-json\/wp\/v2\/pages\/2806\/revisions\/3058"}],"wp:attachment":[{"href":"https:\/\/arduino.net.pl\/index.php\/wp-json\/wp\/v2\/media?parent=2806"}],"curies":[{"name":"wp","href":"https:\/\/api.w.org\/{rel}","templated":true}]}}